{"id":33,"date":"2020-04-13T11:18:48","date_gmt":"2020-04-13T11:18:48","guid":{"rendered":"http:\/\/dibujotecniconline.com\/index.php\/contact\/"},"modified":"2022-11-02T19:25:08","modified_gmt":"2022-11-02T19:25:08","slug":"contacto","status":"publish","type":"page","link":"https:\/\/dibujotecniconline.com\/index.php\/contacto\/","title":{"rendered":"Contacto"},"content":{"rendered":"\t\t<div data-elementor-type=\"wp-page\" data-elementor-id=\"33\" class=\"elementor elementor-33\">\n\t\t\t\t\t\t<section class=\"elementor-section elementor-top-section elementor-element elementor-element-ede6f42 elementor-section-boxed elementor-section-height-default elementor-section-height-default\" data-id=\"ede6f42\" data-element_type=\"section\" data-settings=\"{&quot;background_background&quot;:&quot;classic&quot;,&quot;shape_divider_bottom&quot;:&quot;triangle-asymmetrical&quot;}\">\n\t\t\t\t\t\t\t<div class=\"elementor-background-overlay\"><\/div>\n\t\t\t\t\t\t<div class=\"elementor-shape elementor-shape-bottom\" aria-hidden=\"true\" data-negative=\"false\">\n\t\t\t<svg xmlns=\"http:\/\/www.w3.org\/2000\/svg\" viewBox=\"0 0 1000 100\" preserveAspectRatio=\"none\">\n\t<path class=\"elementor-shape-fill\" d=\"M738,99l262-93V0H0v5.6L738,99z\"\/>\n<\/svg>\t\t<\/div>\n\t\t\t\t\t<div class=\"elementor-container elementor-column-gap-default\">\n\t\t\t\t\t<div class=\"elementor-column elementor-col-100 elementor-top-column elementor-element elementor-element-bc6a053\" data-id=\"bc6a053\" data-element_type=\"column\">\n\t\t\t<div class=\"elementor-widget-wrap elementor-element-populated\">\n\t\t\t\t\t\t<div class=\"elementor-element elementor-element-32a6ad1b elementor-widget elementor-widget-heading\" data-id=\"32a6ad1b\" data-element_type=\"widget\" data-widget_type=\"heading.default\">\n\t\t\t\t<div class=\"elementor-widget-container\">\n\t\t\t\t\t<h1 class=\"elementor-heading-title elementor-size-default\">Contacta con nosotros<\/h1>\t\t\t\t<\/div>\n\t\t\t\t<\/div>\n\t\t\t\t\t<\/div>\n\t\t<\/div>\n\t\t\t\t\t<\/div>\n\t\t<\/section>\n\t\t\t\t<section class=\"elementor-section elementor-top-section elementor-element elementor-element-29b02a85 elementor-section-content-top elementor-section-boxed elementor-section-height-default elementor-section-height-default\" data-id=\"29b02a85\" data-element_type=\"section\">\n\t\t\t\t\t\t<div class=\"elementor-container elementor-column-gap-no\">\n\t\t\t\t\t<div class=\"elementor-column elementor-col-100 elementor-top-column elementor-element elementor-element-30c96c92\" data-id=\"30c96c92\" data-element_type=\"column\">\n\t\t\t<div class=\"elementor-widget-wrap elementor-element-populated\">\n\t\t\t\t\t\t<div class=\"elementor-element elementor-element-552c4f6 elementor-widget elementor-widget-heading\" data-id=\"552c4f6\" data-element_type=\"widget\" data-widget_type=\"heading.default\">\n\t\t\t\t<div class=\"elementor-widget-container\">\n\t\t\t\t\t<h2 class=\"elementor-heading-title elementor-size-default\">Ll\u00e1manos o m\u00e1ndanos un WhatsApp<\/h2>\t\t\t\t<\/div>\n\t\t\t\t<\/div>\n\t\t\t\t<div class=\"elementor-element elementor-element-797852d1 elementor-widget elementor-widget-heading\" data-id=\"797852d1\" data-element_type=\"widget\" data-widget_type=\"heading.default\">\n\t\t\t\t<div class=\"elementor-widget-container\">\n\t\t\t\t\t<h3 class=\"elementor-heading-title elementor-size-default\">Tel\u00e9fono<\/h3>\t\t\t\t<\/div>\n\t\t\t\t<\/div>\n\t\t\t\t<div class=\"elementor-element elementor-element-742fde44 elementor-align-left elementor-icon-list--layout-traditional elementor-list-item-link-full_width elementor-widget elementor-widget-icon-list\" data-id=\"742fde44\" data-element_type=\"widget\" data-widget_type=\"icon-list.default\">\n\t\t\t\t<div class=\"elementor-widget-container\">\n\t\t\t\t\t\t\t<ul class=\"elementor-icon-list-items\">\n\t\t\t\t\t\t\t<li class=\"elementor-icon-list-item\">\n\t\t\t\t\t\t\t\t\t\t\t<a href=\"tel:(34)%20699136622\" rel=\"nofollow\">\n\n\t\t\t\t\t\t\t\t\t\t\t\t<span class=\"elementor-icon-list-icon\">\n\t\t\t\t\t\t\t<i aria-hidden=\"true\" class=\"fas fa-phone-square\"><\/i>\t\t\t\t\t\t<\/span>\n\t\t\t\t\t\t\t\t\t\t<span class=\"elementor-icon-list-text\">+34 699 13 66 22<\/span>\n\t\t\t\t\t\t\t\t\t\t\t<\/a>\n\t\t\t\t\t\t\t\t\t<\/li>\n\t\t\t\t\t\t<\/ul>\n\t\t\t\t\t\t<\/div>\n\t\t\t\t<\/div>\n\t\t\t\t<div class=\"elementor-element elementor-element-ff1c11b elementor-widget elementor-widget-heading\" data-id=\"ff1c11b\" data-element_type=\"widget\" data-widget_type=\"heading.default\">\n\t\t\t\t<div class=\"elementor-widget-container\">\n\t\t\t\t\t<h3 class=\"elementor-heading-title elementor-size-default\">Email<\/h3>\t\t\t\t<\/div>\n\t\t\t\t<\/div>\n\t\t\t\t<div class=\"elementor-element elementor-element-4e3eee7 elementor-icon-list--layout-traditional elementor-list-item-link-full_width elementor-widget elementor-widget-icon-list\" data-id=\"4e3eee7\" data-element_type=\"widget\" data-widget_type=\"icon-list.default\">\n\t\t\t\t<div class=\"elementor-widget-container\">\n\t\t\t\t\t\t\t<ul class=\"elementor-icon-list-items\">\n\t\t\t\t\t\t\t<li class=\"elementor-icon-list-item\">\n\t\t\t\t\t\t\t\t\t\t\t<a href=\"mailto:academiacartabon@gmail.com\">\n\n\t\t\t\t\t\t\t\t\t\t\t\t<span class=\"elementor-icon-list-icon\">\n\t\t\t\t\t\t\t<i aria-hidden=\"true\" class=\"fas fa-info-circle\"><\/i>\t\t\t\t\t\t<\/span>\n\t\t\t\t\t\t\t\t\t\t<span class=\"elementor-icon-list-text\">academiacartabon@gmail.com<\/span>\n\t\t\t\t\t\t\t\t\t\t\t<\/a>\n\t\t\t\t\t\t\t\t\t<\/li>\n\t\t\t\t\t\t<\/ul>\n\t\t\t\t\t\t<\/div>\n\t\t\t\t<\/div>\n\t\t\t\t<div class=\"elementor-element elementor-element-14e22082 elementor-widget elementor-widget-heading\" data-id=\"14e22082\" data-element_type=\"widget\" data-widget_type=\"heading.default\">\n\t\t\t\t<div class=\"elementor-widget-container\">\n\t\t\t\t\t<h3 class=\"elementor-heading-title elementor-size-default\">Nuestro horario de atenci\u00f3n al alumnado<\/h3>\t\t\t\t<\/div>\n\t\t\t\t<\/div>\n\t\t\t\t<div class=\"elementor-element elementor-element-43f62fc elementor-icon-list--layout-traditional elementor-list-item-link-full_width elementor-widget elementor-widget-icon-list\" data-id=\"43f62fc\" data-element_type=\"widget\" data-widget_type=\"icon-list.default\">\n\t\t\t\t<div class=\"elementor-widget-container\">\n\t\t\t\t\t\t\t<ul class=\"elementor-icon-list-items\">\n\t\t\t\t\t\t\t<li class=\"elementor-icon-list-item\">\n\t\t\t\t\t\t\t\t\t\t\t<span class=\"elementor-icon-list-icon\">\n\t\t\t\t\t\t\t\t\t\t\t\t\t<\/span>\n\t\t\t\t\t\t\t\t\t\t<span class=\"elementor-icon-list-text\">Lunes \u2014 Viernes 10:00 \u2013 14:00 y de 17:00 \u2013 21:00<\/span>\n\t\t\t\t\t\t\t\t\t<\/li>\n\t\t\t\t\t\t<\/ul>\n\t\t\t\t\t\t<\/div>\n\t\t\t\t<\/div>\n\t\t\t\t\t<\/div>\n\t\t<\/div>\n\t\t\t\t\t<\/div>\n\t\t<\/section>\n\t\t\t\t<section class=\"elementor-section elementor-top-section elementor-element elementor-element-3dd8afc elementor-section-boxed elementor-section-height-default elementor-section-height-default\" data-id=\"3dd8afc\" data-element_type=\"section\">\n\t\t\t\t\t\t\t<div class=\"elementor-background-overlay\"><\/div>\n\t\t\t\t\t\t\t<div class=\"elementor-container elementor-column-gap-default\">\n\t\t\t\t\t<div class=\"elementor-column elementor-col-100 elementor-top-column elementor-element elementor-element-60a1282\" data-id=\"60a1282\" data-element_type=\"column\">\n\t\t\t<div class=\"elementor-widget-wrap elementor-element-populated\">\n\t\t\t\t\t\t<div class=\"elementor-element elementor-element-e164b23 elementor-widget elementor-widget-heading\" data-id=\"e164b23\" data-element_type=\"widget\" data-widget_type=\"heading.default\">\n\t\t\t\t<div class=\"elementor-widget-container\">\n\t\t\t\t\t<p class=\"elementor-heading-title elementor-size-default\">\u00bfEn qu\u00e9 podemos ayudarte?<\/p>\t\t\t\t<\/div>\n\t\t\t\t<\/div>\n\t\t\t\t<div class=\"elementor-element elementor-element-9c20df6 elementor-widget elementor-widget-wpforms\" data-id=\"9c20df6\" data-element_type=\"widget\" data-widget_type=\"wpforms.default\">\n\t\t\t\t<div class=\"elementor-widget-container\">\n\t\t\t\t\t<div class=\"wpforms-container \" id=\"wpforms-5833\"><form id=\"wpforms-form-5833\" class=\"wpforms-validate wpforms-form wpforms-ajax-form\" data-formid=\"5833\" method=\"post\" enctype=\"multipart\/form-data\" action=\"\/index.php\/wp-json\/wp\/v2\/pages\/33\" data-token=\"20f2124d3c9cf93f6e5713690cabd096\"><noscript class=\"wpforms-error-noscript\">Por favor, activa JavaScript en tu navegador para completar este formulario.<\/noscript><div class=\"wpforms-field-container\"><div id=\"wpforms-5833-field_2-container\" class=\"wpforms-field wpforms-field-name\" data-field-id=\"2\"><label class=\"wpforms-field-label\" for=\"wpforms-5833-field_2\">Nombre <span class=\"wpforms-required-label\">*<\/span><\/label><div class=\"wpforms-field-row wpforms-field-medium\"><div class=\"wpforms-field-row-block wpforms-first wpforms-one-half\"><input type=\"text\" id=\"wpforms-5833-field_2\" class=\"wpforms-field-name-first wpforms-field-required\" name=\"wpforms[fields][2][first]\" required><label for=\"wpforms-5833-field_2\" class=\"wpforms-field-sublabel after \">Nombre<\/label><\/div><div class=\"wpforms-field-row-block wpforms-one-half\"><input type=\"text\" id=\"wpforms-5833-field_2-last\" class=\"wpforms-field-name-last wpforms-field-required\" name=\"wpforms[fields][2][last]\" required><label for=\"wpforms-5833-field_2-last\" class=\"wpforms-field-sublabel after \">Apellidos<\/label><\/div><\/div><\/div><div id=\"wpforms-5833-field_3-container\" class=\"wpforms-field wpforms-field-email\" data-field-id=\"3\"><label class=\"wpforms-field-label\" for=\"wpforms-5833-field_3\">Correo electr\u00f3nico <span class=\"wpforms-required-label\">*<\/span><\/label><input type=\"email\" id=\"wpforms-5833-field_3\" class=\"wpforms-field-medium wpforms-field-required\" name=\"wpforms[fields][3]\" required><\/div><div id=\"wpforms-5833-field_8-container\" class=\"wpforms-field wpforms-field-text\" data-field-id=\"8\"><label class=\"wpforms-field-label\" for=\"wpforms-5833-field_8\">N\u00famero de Tel\u00e9fono (Opcional)<\/label><input type=\"text\" id=\"wpforms-5833-field_8\" class=\"wpforms-field-medium\" name=\"wpforms[fields][8]\" ><div class=\"wpforms-field-description\">\u00bfPrefieres contactar por Tel\u00e9fono o WhatsApp? D\u00e9janos tu contacto para una atenci\u00f3n m\u00e1s personalizada. <\/div><\/div><div id=\"wpforms-5833-field_6-container\" class=\"wpforms-field wpforms-field-radio\" data-field-id=\"6\"><label class=\"wpforms-field-label\" for=\"wpforms-5833-field_6\">Quiero tener m\u00e1s informaci\u00f3n acerca de...<\/label><ul id=\"wpforms-5833-field_6\"><li class=\"choice-1 depth-1\"><input type=\"radio\" id=\"wpforms-5833-field_6_1\" name=\"wpforms[fields][6]\" value=\"Oposiciones Secundaria Dibujo\"  ><label class=\"wpforms-field-label-inline\" for=\"wpforms-5833-field_6_1\">Oposiciones Secundaria Dibujo<\/label><\/li><li class=\"choice-2 depth-1\"><input type=\"radio\" id=\"wpforms-5833-field_6_2\" name=\"wpforms[fields][6]\" value=\"Universidad\"  ><label class=\"wpforms-field-label-inline\" for=\"wpforms-5833-field_6_2\">Universidad<\/label><\/li><li class=\"choice-3 depth-1\"><input type=\"radio\" id=\"wpforms-5833-field_6_3\" name=\"wpforms[fields][6]\" value=\"Bachillerato y Selectividad\"  ><label class=\"wpforms-field-label-inline\" for=\"wpforms-5833-field_6_3\">Bachillerato y Selectividad<\/label><\/li><\/ul><\/div><div id=\"wpforms-5833-field_7-container\" class=\"wpforms-field wpforms-field-textarea\" data-field-id=\"7\"><label class=\"wpforms-field-label\" for=\"wpforms-5833-field_7\">Mensaje <span class=\"wpforms-required-label\">*<\/span><\/label><textarea id=\"wpforms-5833-field_7\" class=\"wpforms-field-medium wpforms-field-required\" name=\"wpforms[fields][7]\" required><\/textarea><div class=\"wpforms-field-description\">Cu\u00e9ntanos en qu\u00e9 podemos ayudarte \ud83d\ude42<\/div><\/div><\/div><div class=\"wpforms-submit-container\"><input type=\"hidden\" name=\"wpforms[id]\" value=\"5833\"><input type=\"hidden\" name=\"wpforms[author]\" value=\"1\"><button type=\"submit\" name=\"wpforms[submit]\" id=\"wpforms-submit-5833\" class=\"wpforms-submit\" data-alt-text=\"Enviando...\" data-submit-text=\"Enviar\" aria-live=\"assertive\" value=\"wpforms-submit\">Enviar<\/button><img decoding=\"async\" src=\"https:\/\/dibujotecniconline.com\/wp-content\/plugins\/wpforms-lite\/assets\/images\/submit-spin.svg\" class=\"wpforms-submit-spinner\" style=\"display: none;\" width=\"26\" height=\"26\" alt=\"\"><\/div><\/form><\/div>  <!-- .wpforms-container -->\t\t\t\t<\/div>\n\t\t\t\t<\/div>\n\t\t\t\t\t<\/div>\n\t\t<\/div>\n\t\t\t\t\t<\/div>\n\t\t<\/section>\n\t\t\t\t<section class=\"elementor-section elementor-top-section elementor-element elementor-element-d5547cd elementor-section-boxed elementor-section-height-default elementor-section-height-default\" data-id=\"d5547cd\" data-element_type=\"section\">\n\t\t\t\t\t\t<div class=\"elementor-container elementor-column-gap-default\">\n\t\t\t\t\t<div class=\"elementor-column elementor-col-100 elementor-top-column elementor-element elementor-element-a978b89\" data-id=\"a978b89\" data-element_type=\"column\">\n\t\t\t<div class=\"elementor-widget-wrap elementor-element-populated\">\n\t\t\t\t\t\t<div class=\"elementor-element elementor-element-614a2f7 elementor-widget elementor-widget-image\" data-id=\"614a2f7\" data-element_type=\"widget\" data-widget_type=\"image.default\">\n\t\t\t\t<div class=\"elementor-widget-container\">\n\t\t\t\t\t\t\t\t\t\t\t\t\t\t\t\t<a href=\"https:\/\/www.google.com\/search?q=academia+cartabon+rese%C3%B1as&#038;rlz=1C1ONGR_esES931ES931&#038;oq=academia+cartabon+rese%C3%B1as&#038;aqs=chrome..69i57j33i160l4.3361j0j7&#038;sourceid=chrome&#038;ie=UTF-8#lrd=0xd71fc93574c4d17:0x52e8fe668817fb51,1,,,\">\n\t\t\t\t\t\t\t<img fetchpriority=\"high\" decoding=\"async\" width=\"1024\" height=\"726\" src=\"https:\/\/dibujotecniconline.com\/wp-content\/uploads\/2022\/05\/opiniones-alumnos-1024x726.png\" class=\"attachment-large size-large wp-image-5305\" alt=\"Opiniones de nuestros alumnos en academia cartabon\" srcset=\"https:\/\/dibujotecniconline.com\/wp-content\/uploads\/2022\/05\/opiniones-alumnos-1024x726.png 1024w, https:\/\/dibujotecniconline.com\/wp-content\/uploads\/2022\/05\/opiniones-alumnos-300x213.png 300w, https:\/\/dibujotecniconline.com\/wp-content\/uploads\/2022\/05\/opiniones-alumnos-768x545.png 768w, https:\/\/dibujotecniconline.com\/wp-content\/uploads\/2022\/05\/opiniones-alumnos-1536x1090.png 1536w, https:\/\/dibujotecniconline.com\/wp-content\/uploads\/2022\/05\/opiniones-alumnos.png 1748w\" sizes=\"(max-width: 1024px) 100vw, 1024px\" \/>\t\t\t\t\t\t\t\t<\/a>\n\t\t\t\t\t\t\t\t\t\t\t\t\t\t\t<\/div>\n\t\t\t\t<\/div>\n\t\t\t\t<div class=\"elementor-element elementor-element-d36b8e3 elementor-widget elementor-widget-text-editor\" data-id=\"d36b8e3\" data-element_type=\"widget\" data-widget_type=\"text-editor.default\">\n\t\t\t\t<div class=\"elementor-widget-container\">\n\t\t\t\t\t\t\t\t\t<p><a href=\"https:\/\/dibujotecniconline.com\/index.php\/mis-cursos\/\">Mis cursos<\/a><\/p>\t\t\t\t\t\t\t\t<\/div>\n\t\t\t\t<\/div>\n\t\t\t\t\t<\/div>\n\t\t<\/div>\n\t\t\t\t\t<\/div>\n\t\t<\/section>\n\t\t\t\t<\/div>\n\t\t","protected":false},"excerpt":{"rendered":"<p>Contacta con nosotros Ll\u00e1manos o m\u00e1ndanos un WhatsApp Tel\u00e9fono +34 699 13 66 22 Email academiacartabon@gmail.com Nuestro horario de atenci\u00f3n al alumnado Lunes \u2014 Viernes 10:00 \u2013 14:00 y de 17:00 \u2013 21:00 \u00bfEn qu\u00e9 podemos ayudarte? Mis cursos<\/p>\n","protected":false},"author":1,"featured_media":0,"parent":0,"menu_order":0,"comment_status":"closed","ping_status":"closed","template":"","meta":{"site-sidebar-layout":"no-sidebar","site-content-layout":"page-builder","ast-main-header-display":"","ast-hfb-above-header-display":"","ast-hfb-below-header-display":"","ast-hfb-mobile-header-display":"","site-post-title":"disabled","ast-breadcrumbs-content":"","ast-featured-img":"","footer-sml-layout":"","theme-transparent-header-meta":"enabled","adv-header-id-meta":"","stick-header-meta":"","header-above-stick-meta":"","header-main-stick-meta":"","header-below-stick-meta":"","footnotes":""},"class_list":["post-33","page","type-page","status-publish","hentry"],"yoast_head":"<!-- This site is optimized with the Yoast SEO plugin v19.6.1 - https:\/\/yoast.com\/wordpress\/plugins\/seo\/ -->\n<title>Contacto - DIBUJO T\u00c9CNICO ONLINE<\/title>\n<meta name=\"robots\" content=\"index, follow, max-snippet:-1, max-image-preview:large, max-video-preview:-1\" \/>\n<link rel=\"canonical\" href=\"https:\/\/dibujotecniconline.com\/index.php\/contacto\/\" \/>\n<meta property=\"og:locale\" content=\"es_ES\" \/>\n<meta property=\"og:type\" content=\"article\" \/>\n<meta property=\"og:title\" content=\"Contacto - DIBUJO T\u00c9CNICO ONLINE\" \/>\n<meta property=\"og:description\" content=\"Contacta con nosotros Ll\u00e1manos o m\u00e1ndanos un WhatsApp Tel\u00e9fono +34 699 13 66 22 Email academiacartabon@gmail.com Nuestro horario de atenci\u00f3n al alumnado Lunes \u2014 Viernes 10:00 \u2013 14:00 y de 17:00 \u2013 21:00 \u00bfEn qu\u00e9 podemos ayudarte? Mis cursos\" \/>\n<meta property=\"og:url\" content=\"https:\/\/dibujotecniconline.com\/index.php\/contacto\/\" \/>\n<meta property=\"og:site_name\" content=\"DIBUJO T\u00c9CNICO ONLINE\" \/>\n<meta property=\"article:modified_time\" content=\"2022-11-02T19:25:08+00:00\" \/>\n<meta property=\"og:image\" content=\"https:\/\/dibujotecniconline.com\/wp-content\/uploads\/2022\/05\/opiniones-alumnos-1024x726.png\" \/>\n<meta name=\"twitter:card\" content=\"summary_large_image\" \/>\n<meta name=\"twitter:label1\" content=\"Tiempo de lectura\" \/>\n\t<meta name=\"twitter:data1\" content=\"1 minuto\" \/>\n<script type=\"application\/ld+json\" class=\"yoast-schema-graph\">{\"@context\":\"https:\/\/schema.org\",\"@graph\":[{\"@type\":\"WebPage\",\"@id\":\"https:\/\/dibujotecniconline.com\/index.php\/contacto\/\",\"url\":\"https:\/\/dibujotecniconline.com\/index.php\/contacto\/\",\"name\":\"Contacto - DIBUJO T\u00c9CNICO ONLINE\",\"isPartOf\":{\"@id\":\"https:\/\/dibujotecniconline.com\/#website\"},\"datePublished\":\"2020-04-13T11:18:48+00:00\",\"dateModified\":\"2022-11-02T19:25:08+00:00\",\"breadcrumb\":{\"@id\":\"https:\/\/dibujotecniconline.com\/index.php\/contacto\/#breadcrumb\"},\"inLanguage\":\"es\",\"potentialAction\":[{\"@type\":\"ReadAction\",\"target\":[\"https:\/\/dibujotecniconline.com\/index.php\/contacto\/\"]}]},{\"@type\":\"BreadcrumbList\",\"@id\":\"https:\/\/dibujotecniconline.com\/index.php\/contacto\/#breadcrumb\",\"itemListElement\":[{\"@type\":\"ListItem\",\"position\":1,\"name\":\"Portada\",\"item\":\"https:\/\/dibujotecniconline.com\/\"},{\"@type\":\"ListItem\",\"position\":2,\"name\":\"Contacto\"}]},{\"@type\":\"WebSite\",\"@id\":\"https:\/\/dibujotecniconline.com\/#website\",\"url\":\"https:\/\/dibujotecniconline.com\/\",\"name\":\"DIBUJO T\u00c9CNICO ONLINE\",\"description\":\"Aprende de forma f\u00e1cil y a tu ritmo.\",\"publisher\":{\"@id\":\"https:\/\/dibujotecniconline.com\/#organization\"},\"potentialAction\":[{\"@type\":\"SearchAction\",\"target\":{\"@type\":\"EntryPoint\",\"urlTemplate\":\"https:\/\/dibujotecniconline.com\/?s={search_term_string}\"},\"query-input\":\"required name=search_term_string\"}],\"inLanguage\":\"es\"},{\"@type\":\"Organization\",\"@id\":\"https:\/\/dibujotecniconline.com\/#organization\",\"name\":\"Dibujo T\u00e9cnico Online\",\"url\":\"https:\/\/dibujotecniconline.com\/\",\"sameAs\":[],\"logo\":{\"@type\":\"ImageObject\",\"inLanguage\":\"es\",\"@id\":\"https:\/\/dibujotecniconline.com\/#\/schema\/logo\/image\/\",\"url\":\"http:\/\/dibujotecniconline.com\/wp-content\/uploads\/2022\/08\/Oposiciones-Secundaria-Dibujo-2.jpg\",\"contentUrl\":\"http:\/\/dibujotecniconline.com\/wp-content\/uploads\/2022\/08\/Oposiciones-Secundaria-Dibujo-2.jpg\",\"width\":1200,\"height\":1200,\"caption\":\"Dibujo T\u00e9cnico Online\"},\"image\":{\"@id\":\"https:\/\/dibujotecniconline.com\/#\/schema\/logo\/image\/\"}}]}<\/script>\n<!-- \/ Yoast SEO plugin. -->","yoast_head_json":{"title":"Contacto - DIBUJO T\u00c9CNICO ONLINE","robots":{"index":"index","follow":"follow","max-snippet":"max-snippet:-1","max-image-preview":"max-image-preview:large","max-video-preview":"max-video-preview:-1"},"canonical":"https:\/\/dibujotecniconline.com\/index.php\/contacto\/","og_locale":"es_ES","og_type":"article","og_title":"Contacto - DIBUJO T\u00c9CNICO ONLINE","og_description":"Contacta con nosotros Ll\u00e1manos o m\u00e1ndanos un WhatsApp Tel\u00e9fono +34 699 13 66 22 Email academiacartabon@gmail.com Nuestro horario de atenci\u00f3n al alumnado Lunes \u2014 Viernes 10:00 \u2013 14:00 y de 17:00 \u2013 21:00 \u00bfEn qu\u00e9 podemos ayudarte? Mis cursos","og_url":"https:\/\/dibujotecniconline.com\/index.php\/contacto\/","og_site_name":"DIBUJO T\u00c9CNICO ONLINE","article_modified_time":"2022-11-02T19:25:08+00:00","og_image":[{"url":"https:\/\/dibujotecniconline.com\/wp-content\/uploads\/2022\/05\/opiniones-alumnos-1024x726.png"}],"twitter_card":"summary_large_image","twitter_misc":{"Tiempo de lectura":"1 minuto"},"schema":{"@context":"https:\/\/schema.org","@graph":[{"@type":"WebPage","@id":"https:\/\/dibujotecniconline.com\/index.php\/contacto\/","url":"https:\/\/dibujotecniconline.com\/index.php\/contacto\/","name":"Contacto - DIBUJO T\u00c9CNICO ONLINE","isPartOf":{"@id":"https:\/\/dibujotecniconline.com\/#website"},"datePublished":"2020-04-13T11:18:48+00:00","dateModified":"2022-11-02T19:25:08+00:00","breadcrumb":{"@id":"https:\/\/dibujotecniconline.com\/index.php\/contacto\/#breadcrumb"},"inLanguage":"es","potentialAction":[{"@type":"ReadAction","target":["https:\/\/dibujotecniconline.com\/index.php\/contacto\/"]}]},{"@type":"BreadcrumbList","@id":"https:\/\/dibujotecniconline.com\/index.php\/contacto\/#breadcrumb","itemListElement":[{"@type":"ListItem","position":1,"name":"Portada","item":"https:\/\/dibujotecniconline.com\/"},{"@type":"ListItem","position":2,"name":"Contacto"}]},{"@type":"WebSite","@id":"https:\/\/dibujotecniconline.com\/#website","url":"https:\/\/dibujotecniconline.com\/","name":"DIBUJO T\u00c9CNICO ONLINE","description":"Aprende de forma f\u00e1cil y a tu ritmo.","publisher":{"@id":"https:\/\/dibujotecniconline.com\/#organization"},"potentialAction":[{"@type":"SearchAction","target":{"@type":"EntryPoint","urlTemplate":"https:\/\/dibujotecniconline.com\/?s={search_term_string}"},"query-input":"required name=search_term_string"}],"inLanguage":"es"},{"@type":"Organization","@id":"https:\/\/dibujotecniconline.com\/#organization","name":"Dibujo T\u00e9cnico Online","url":"https:\/\/dibujotecniconline.com\/","sameAs":[],"logo":{"@type":"ImageObject","inLanguage":"es","@id":"https:\/\/dibujotecniconline.com\/#\/schema\/logo\/image\/","url":"http:\/\/dibujotecniconline.com\/wp-content\/uploads\/2022\/08\/Oposiciones-Secundaria-Dibujo-2.jpg","contentUrl":"http:\/\/dibujotecniconline.com\/wp-content\/uploads\/2022\/08\/Oposiciones-Secundaria-Dibujo-2.jpg","width":1200,"height":1200,"caption":"Dibujo T\u00e9cnico Online"},"image":{"@id":"https:\/\/dibujotecniconline.com\/#\/schema\/logo\/image\/"}}]}},"_links":{"self":[{"href":"https:\/\/dibujotecniconline.com\/index.php\/wp-json\/wp\/v2\/pages\/33","targetHints":{"allow":["GET"]}}],"collection":[{"href":"https:\/\/dibujotecniconline.com\/index.php\/wp-json\/wp\/v2\/pages"}],"about":[{"href":"https:\/\/dibujotecniconline.com\/index.php\/wp-json\/wp\/v2\/types\/page"}],"author":[{"embeddable":true,"href":"https:\/\/dibujotecniconline.com\/index.php\/wp-json\/wp\/v2\/users\/1"}],"replies":[{"embeddable":true,"href":"https:\/\/dibujotecniconline.com\/index.php\/wp-json\/wp\/v2\/comments?post=33"}],"version-history":[{"count":27,"href":"https:\/\/dibujotecniconline.com\/index.php\/wp-json\/wp\/v2\/pages\/33\/revisions"}],"predecessor-version":[{"id":6246,"href":"https:\/\/dibujotecniconline.com\/index.php\/wp-json\/wp\/v2\/pages\/33\/revisions\/6246"}],"wp:attachment":[{"href":"https:\/\/dibujotecniconline.com\/index.php\/wp-json\/wp\/v2\/media?parent=33"}],"curies":[{"name":"wp","href":"https:\/\/api.w.org\/{rel}","templated":true}]}}